{"id":3185,"date":"2019-01-30T13:40:28","date_gmt":"2019-01-30T13:40:28","guid":{"rendered":"http:\/\/likale.com\/papel\/"},"modified":"2019-09-02T09:34:00","modified_gmt":"2019-09-02T07:34:00","slug":"papier","status":"publish","type":"page","link":"https:\/\/likale.com\/fr\/papier\/","title":{"rendered":"PAPIER"},"content":{"rendered":"<section class=\"wpb-content-wrapper\"><p>[vc_row][vc_column css=\u00a0\u00bb.vc_custom_1547110422685{padding-top: 70px !important;}\u00a0\u00bb][\/vc_column][\/vc_row][vc_row css=\u00a0\u00bb.vc_custom_1547110430829{padding-bottom: 50px !important;}\u00a0\u00bb][vc_column width=\u00a0\u00bb1\/2&Prime;][vc_column_text]<\/p>\n<h4>Large gamme de qualit\u00e9s de rev\u00eatement pour s\u2019adapter aux besoins sp\u00e9cifiques du client\u00a0:<\/h4>\n<p>[\/vc_column_text][vc_column_text css=\u00a0\u00bb.vc_custom_1567407139021{padding-bottom: 20px !important;}\u00a0\u00bb]Formules adapt\u00e9es pour r\u00e9pondre \u00e0 l\u2019attaque chimique, \u00e0 l\u2019abrasion, \u00e0 la temp\u00e9rature, etc.<\/p>\n<p>Finitions selon les exigences du client\u00a0:<\/p>\n<ul>\n<li>Finition miroir<\/li>\n<li>Bomb\u00e9<\/li>\n<li>Rainurage<\/li>\n<\/ul>\n<p>[\/vc_column_text][vc_column_text css=\u00a0\u00bb.vc_custom_1567407148279{padding-bottom: 20px !important;}\u00a0\u00bb]Les rouleaux de LIKALE sont aussi bien utilis\u00e9s dans les usines de fabrication de papier que dans l\u2019industrie de transformation du papier en g\u00e9n\u00e9ral (fabrications de sacs en papier, papier timbre, papier silicon\u00e9, carton, emballage, non tiss\u00e9, etc.).[\/vc_column_text][\/vc_column][vc_column width=\u00a0\u00bb1\/2&Prime;]<style type=\"text\/css\" data-type=\"the7_shortcodes-inline-css\">.shortcode-single-image-wrap.shortcode-single-image-e4b42fed5ee19707baf295d194d4e94f.enable-bg-rollover .rollover i,\n.shortcode-single-image-wrap.shortcode-single-image-e4b42fed5ee19707baf295d194d4e94f.enable-bg-rollover .rollover-video i {\n  background: -webkit-linear-gradient();\n  background: linear-gradient();\n}\n.shortcode-single-image-wrap.shortcode-single-image-e4b42fed5ee19707baf295d194d4e94f .rollover-icon {\n  font-size: 32px;\n  color: #ffffff;\n  min-width: 44px;\n  min-height: 44px;\n  line-height: 44px;\n  border-radius: 100px;\n  border-style: solid;\n  border-width: 0px;\n}\n.dt-icon-bg-on.shortcode-single-image-wrap.shortcode-single-image-e4b42fed5ee19707baf295d194d4e94f .rollover-icon {\n  background: rgba(255,255,255,0.3);\n  box-shadow: none;\n}\n<\/style><div class=\"shortcode-single-image-wrap shortcode-single-image-e4b42fed5ee19707baf295d194d4e94f alignnone  enable-bg-rollover dt-icon-bg-off\" style=\"margin-top:0px; margin-bottom:0px; margin-left:0px; margin-right:0px; width:1000px;\"><div class=\"shortcode-single-image\"><div class=\"fancy-media-wrap  layzr-bg\" style=\"\"><img class=\"preload-me lazy-load aspect\" src=\"data:image\/svg+xml,%3Csvg%20xmlns%3D&#39;http%3A%2F%2Fwww.w3.org%2F2000%2Fsvg&#39;%20viewBox%3D&#39;0%200%201000%20700&#39;%2F%3E\" data-src=\"https:\/\/likale.com\/wp-content\/uploads\/2019\/04\/75-1000x700.png\" data-srcset=\"https:\/\/likale.com\/wp-content\/uploads\/2019\/04\/75-1000x700.png 1000w, https:\/\/likale.com\/wp-content\/uploads\/2019\/04\/75-1442x1009.png 1442w\" loading=\"eager\" sizes=\"(max-width: 1000px) 100vw, 1000px\" width=\"1000\" height=\"700\"  data-dt-location=\"https:\/\/likale.com\/fr\/siderurgico\/attachment\/75\/\" style=\"--ratio: 1000 \/ 700;\" alt=\"\" \/><\/div><\/div><\/div>[\/vc_column][\/vc_row][vc_row equal_height=\u00a0\u00bbyes\u00a0\u00bb content_placement=\u00a0\u00bbmiddle\u00a0\u00bb bg_type=\u00a0\u00bbbg_color\u00a0\u00bb bg_override=\u00a0\u00bbex-full\u00a0\u00bb type=\u00a0\u00bbvc_default\u00a0\u00bb margin_top=\u00a0\u00bb5&Prime; margin_bottom=\u00a0\u00bb10&Prime; css=\u00a0\u00bb.vc_custom_1529505500226{padding-top: 70px !important;padding-bottom: 30px !important;}\u00a0\u00bb bg_color_value=\u00a0\u00bbrgba(170,170,170,0.1)\u00a0\u00bb][vc_column][vc_column_text]<\/p>\n<h3 style=\"text-align: center;\"><span style=\"color: #19a0c4;\">LIKALE est un fournisseur reconnu et agr\u00e9\u00e9 de rouleaux de haute qualit\u00e9, pour son service et la qualit\u00e9 de ses produits. WORLD CLASS COVERED ROLLS<\/span><\/h3>\n<p>[\/vc_column_text][\/vc_column][\/vc_row][vc_row equal_height=\u00a0\u00bbyes\u00a0\u00bb content_placement=\u00a0\u00bbmiddle\u00a0\u00bb bg_type=\u00a0\u00bbbg_color\u00a0\u00bb bg_override=\u00a0\u00bbex-full\u00a0\u00bb type=\u00a0\u00bbvc_default\u00a0\u00bb margin_top=\u00a0\u00bb5&Prime; margin_bottom=\u00a0\u00bb10&Prime; css=\u00a0\u00bb.vc_custom_1547110856571{padding-top: 70px !important;padding-bottom: 30px !important;}\u00a0\u00bb][vc_column][vc_row_inner equal_height=\u00a0\u00bbyes\u00a0\u00bb content_placement=\u00a0\u00bbmiddle\u00a0\u00bb][vc_column_inner width=\u00a0\u00bb1\/2&Prime; css=\u00a0\u00bb.vc_custom_1491746388981{padding-bottom: 50px !important;}\u00a0\u00bb]<style type=\"text\/css\" data-type=\"the7_shortcodes-inline-css\">.shortcode-single-image-wrap.shortcode-single-image-cd60b46bf7a3831a7227ea6fd37c5730.enable-bg-rollover .rollover i,\n.shortcode-single-image-wrap.shortcode-single-image-cd60b46bf7a3831a7227ea6fd37c5730.enable-bg-rollover .rollover-video i {\n  background: -webkit-linear-gradient();\n  background: linear-gradient();\n}\n.shortcode-single-image-wrap.shortcode-single-image-cd60b46bf7a3831a7227ea6fd37c5730 .rollover-icon {\n  font-size: 32px;\n  color: #ffffff;\n  min-width: 44px;\n  min-height: 44px;\n  line-height: 44px;\n  border-radius: 100px;\n  border-style: solid;\n  border-width: 0px;\n}\n.dt-icon-bg-on.shortcode-single-image-wrap.shortcode-single-image-cd60b46bf7a3831a7227ea6fd37c5730 .rollover-icon {\n  background: rgba(255,255,255,0.3);\n  box-shadow: none;\n}\n<\/style><div class=\"shortcode-single-image-wrap shortcode-single-image-cd60b46bf7a3831a7227ea6fd37c5730 alignnone  enable-bg-rollover dt-icon-bg-off\" style=\"margin-top:0px; margin-bottom:0px; margin-left:0px; margin-right:0px; width:1000px;\"><div class=\"shortcode-single-image\"><div class=\"fancy-media-wrap  layzr-bg\" style=\"\"><img class=\"preload-me lazy-load aspect\" src=\"data:image\/svg+xml,%3Csvg%20xmlns%3D&#39;http%3A%2F%2Fwww.w3.org%2F2000%2Fsvg&#39;%20viewBox%3D&#39;0%200%201000%20700&#39;%2F%3E\" data-src=\"https:\/\/likale.com\/wp-content\/uploads\/2019\/04\/74-1000x700.png\" data-srcset=\"https:\/\/likale.com\/wp-content\/uploads\/2019\/04\/74-1000x700.png 1000w, https:\/\/likale.com\/wp-content\/uploads\/2019\/04\/74-1429x1000.png 1429w\" loading=\"eager\" sizes=\"(max-width: 1000px) 100vw, 1000px\" width=\"1000\" height=\"700\"  data-dt-location=\"https:\/\/likale.com\/fr\/papel\/attachment\/74\/\" style=\"--ratio: 1000 \/ 700;\" alt=\"\" \/><\/div><\/div><\/div>[\/vc_column_inner][vc_column_inner width=\u00a0\u00bb1\/2&Prime; css=\u00a0\u00bb.vc_custom_1491746397816{padding-bottom: 50px !important;}\u00a0\u00bb]<div id=\"ultimate-heading-158569eb6d43a5e77\" class=\"uvc-heading ult-adjust-bottom-margin ultimate-heading-158569eb6d43a5e77 uvc-3015 accent-border-color\" data-hspacer=\"line_only\"  data-halign=\"left\" style=\"text-align:left\"><div class=\"uvc-main-heading ult-responsive\"  data-ultimate-target='.uvc-heading.ultimate-heading-158569eb6d43a5e77 h2'  data-responsive-json-new='{\"font-size\":\"desktop:30px;\",\"line-height\":\"desktop:40px;\"}' ><h2 style=\"font-weight:bold;color:#000000;margin-bottom:5px;\">Types de rouleaux auxquels on applique un rev\u00eatement :<\/h2><\/div><div class=\"uvc-heading-spacer line_only\" style=\"margin-bottom:40px;height:3px;\"><span class=\"uvc-headings-line\" style=\"border-style:solid;border-bottom-width:3px;border-color:;width:80px;\"><\/span><\/div><\/div>[vc_column_text]<\/p>\n<ul>\n<li>Rouleaux thermoplanisher<\/li>\n<li>Rouleaux de calandres kuster<\/li>\n<li>Rouleaux d\u00e9plisseurs<\/li>\n<li>Rouleaux tracteurs<\/li>\n<li>Rouleaux de passage<\/li>\n<li>Rouleaux conducteurs<\/li>\n<li>Mandrins de pope<\/li>\n<li>Rouleaux paraffineurs<\/li>\n<li>Rouleaux colleurs<\/li>\n<li>Rouleaux de d\u00e9coupe<\/li>\n<li>Rouleaux gaufreur pour la fabrication de papier toilette et de papier essuie-tout<\/li>\n<li>Rouleaux applicateurs de silicone<\/li>\n<li>Autres<\/li>\n<\/ul>\n<p>[\/vc_column_text][\/vc_column_inner][\/vc_row_inner][\/vc_column][\/vc_row][vc_row][vc_column][vc_column_text]<\/p>\n<p>[\/vc_column_text][\/vc_column][\/vc_row][vc_row equal_height=\u00a0\u00bbyes\u00a0\u00bb css_animation=\u00a0\u00bbnone\u00a0\u00bb bg_type=\u00a0\u00bbgrad\u00a0\u00bb bg_override=\u00a0\u00bbex-full\u00a0\u00bb bg_grad=\u00a0\u00bbbackground: -webkit-gradient(linear, left top, left bottom, color-stop(0%, #0C5D9A), color-stop(48%, #1B67A2), color-stop(100%, #3DB4EF));background: -moz-linear-gradient(left,#0C5D9A 0%,#1B67A2 48%,#3DB4EF 100%);background: -webkit-linear-gradient(left,#0C5D9A 0%,#1B67A2 48%,#3DB4EF 100%);background: -o-linear-gradient(left,#0C5D9A 0%,#1B67A2 48%,#3DB4EF 100%);background: -ms-linear-gradient(left,#0C5D9A 0%,#1B67A2 48%,#3DB4EF 100%);background: linear-gradient(left,#0C5D9A 0%,#1B67A2 48%,#3DB4EF 100%);\u00a0\u00bb][vc_column css=\u00a0\u00bb.vc_custom_1549278142560{padding-top: 30px !important;padding-bottom: 30px !important;background-position: center !important;background-repeat: no-repeat !important;background-size: cover !important;}\u00a0\u00bb][vc_row_inner][vc_column_inner width=\u00a0\u00bb2\/3&Prime;]<div id=\"ultimate-heading-209169eb6d43a5f84\" class=\"uvc-heading ult-adjust-bottom-margin ultimate-heading-209169eb6d43a5f84 uvc-9308 \" data-hspacer=\"line_only\"  data-halign=\"left\" style=\"text-align:left\"><div class=\"uvc-heading-spacer line_only\" style=\"margin-bottom:30px;height:3px;\"><span class=\"uvc-headings-line\" style=\"border-style:solid;border-bottom-width:3px;border-color:rgba(255,255,255,0.5);width:150px;\"><\/span><\/div><div class=\"uvc-sub-heading ult-responsive\"  data-ultimate-target='.uvc-heading.ultimate-heading-209169eb6d43a5f84 .uvc-sub-heading '  data-responsive-json-new='{\"font-size\":\"desktop:32px;tablet:32px;mobile_landscape:24px;\",\"line-height\":\"desktop:42px;tablet:42px;mobile_landscape:34px;\"}'  style=\"font-weight:bold;color:#ffffff;margin-bottom:40px;\">Nous nous adaptons \u00e0 vos besoins,<br \/>\ncontactez-nous.<\/div><\/div>[\/vc_column_inner][vc_column_inner width=\u00a0\u00bb1\/3&Prime;][vc_empty_space height=\u00a0\u00bb42px\u00a0\u00bb]<div class=\" vc_custom_1567409637994 ubtn-ctn-center \"><a class=\"ubtn-link ult-adjust-bottom-margin ubtn-center ubtn-custom \" href=\"http:\/\/likale.com\/fr\/contact\/\" ><button type=\"button\" id=\"ubtn-1457\"  class=\"ubtn ult-adjust-bottom-margin ult-responsive ubtn-custom ubtn-no-hover-bg  none  ubtn-center   tooltip-69eb6d43a6018\"  data-hover=\"#3db3ef\" data-border-color=\"rgba(255,255,255,0.5)\" data-bg=\"\" data-hover-bg=\"#ffffff\" data-border-hover=\"#ffffff\" data-shadow-hover=\"\" data-shadow-click=\"none\" data-shadow=\"\" data-shd-shadow=\"\"  data-ultimate-target='#ubtn-1457'  data-responsive-json-new='{\"font-size\":\"desktop:14px;tablet:15px;mobile_landscape:18px;\",\"line-height\":\"desktop:14px;tablet:15px;mobile_landscape:18px;\"}'  style=\"font-weight:bold;width:190px;min-height:60px;padding:10px 30px;border-radius:0px;border-width:3px;border-color:rgba(255,255,255,0.5);border-style:solid;color: #ffffff;\"><span class=\"ubtn-hover\" style=\"background-color:#ffffff\"><\/span><span class=\"ubtn-data ubtn-text \" >Consultez-nous<\/span><\/button><\/a><\/div>[\/vc_column_inner][\/vc_row_inner][\/vc_column][\/vc_row]<\/p>\n<\/section>","protected":false},"excerpt":{"rendered":"<p>[vc_row][vc_column css=\u00a0\u00bb.vc_custom_1547110422685{padding-top: 70px !important;}\u00a0\u00bb][\/vc_column][\/vc_row][vc_row css=\u00a0\u00bb.vc_custom_1547110430829{padding-bottom: 50px !important;}\u00a0\u00bb][vc_column width=\u00a0\u00bb1\/2&Prime;][vc_column_text] Large gamme de qualit\u00e9s de rev\u00eatement pour s\u2019adapter aux besoins sp\u00e9cifiques du client\u00a0: [\/vc_column_text][vc_column_text css=\u00a0\u00bb.vc_custom_1567407139021{padding-bottom: 20px !important;}\u00a0\u00bb]Formules adapt\u00e9es pour r\u00e9pondre \u00e0 l\u2019attaque chimique, \u00e0 l\u2019abrasion, \u00e0 la temp\u00e9rature, etc. Finitions selon les exigences du client\u00a0: Finition miroir Bomb\u00e9 Rainurage [\/vc_column_text][vc_column_text css=\u00a0\u00bb.vc_custom_1567407148279{padding-bottom: 20px !important;}\u00a0\u00bb]Les rouleaux de LIKALE sont&hellip;<\/p>\n","protected":false},"author":1,"featured_media":0,"parent":0,"menu_order":10,"comment_status":"closed","ping_status":"closed","template":"","meta":[],"_links":{"self":[{"href":"https:\/\/likale.com\/fr\/wp-json\/wp\/v2\/pages\/3185"}],"collection":[{"href":"https:\/\/likale.com\/fr\/wp-json\/wp\/v2\/pages"}],"about":[{"href":"https:\/\/likale.com\/fr\/wp-json\/wp\/v2\/types\/page"}],"author":[{"embeddable":true,"href":"https:\/\/likale.com\/fr\/wp-json\/wp\/v2\/users\/1"}],"replies":[{"embeddable":true,"href":"https:\/\/likale.com\/fr\/wp-json\/wp\/v2\/comments?post=3185"}],"version-history":[{"count":3,"href":"https:\/\/likale.com\/fr\/wp-json\/wp\/v2\/pages\/3185\/revisions"}],"predecessor-version":[{"id":3246,"href":"https:\/\/likale.com\/fr\/wp-json\/wp\/v2\/pages\/3185\/revisions\/3246"}],"wp:attachment":[{"href":"https:\/\/likale.com\/fr\/wp-json\/wp\/v2\/media?parent=3185"}],"curies":[{"name":"wp","href":"https:\/\/api.w.org\/{rel}","templated":true}]}}