{"id":3252,"date":"2019-06-12T16:46:47","date_gmt":"2019-06-12T14:46:47","guid":{"rendered":"http:\/\/likale.com\/politica-de-privacidad\/"},"modified":"2019-09-02T09:58:21","modified_gmt":"2019-09-02T07:58:21","slug":"politique-de-confidentialite","status":"publish","type":"page","link":"https:\/\/likale.com\/fr\/politique-de-confidentialite\/","title":{"rendered":"Politique de confidentialit\u00e9"},"content":{"rendered":"<p align=\"left\"><strong><span class=\"titulo2\">POLITIQUE DE CONFIDENTIALIT\u00c9 DE LIKALE CAUCHO INDUSTRIAL SL<\/span><\/strong><\/p>\n<p class=\"texto\">Les donn\u00e9es personnelles fournies par l\u2019USAGER sont confidentielles et sont prot\u00e9g\u00e9es par la Loi Organique 15\/1999, du 13 D\u00e9cembre 1999, relative \u00e0 la Protection des Donn\u00e9es \u00e0 Caract\u00e8re Personnel, le D\u00e9cret Royal 994\/1999, du 11 Juin, d\u2019adoption du R\u00e8glement des mesures de s\u00e9curit\u00e9 des fichiers automatis\u00e9s contenant des donn\u00e9es \u00e0 caract\u00e8re personnel et autres dispositions en vigueur.<\/p>\n<p><span class=\"titulo2\">LIKALE CAUCHO INDUSTRIAL, S.L.<\/span>\u00a0informe les USAGERS sur sa Politique de Protection des Donn\u00e9es \u00e0 Caract\u00e8re Personnel, afin que les USAGERS d\u00e9cident librement et volontairement s\u2019ils souhaitent fournir leurs donn\u00e9es personnelles par le biais des formulaires \u00e9lectroniques r\u00e9partis sur le site web.<\/p>\n<p><span class=\"titulo2\">LIKALE CAUCHO INDUSTRIAL, S.L.<\/span>\u00a0s\u2019engage \u00e0 appliquer la normative en vigueur de protection des donn\u00e9es, \u00e0 caract\u00e8re sp\u00e9cial, la Loi Organique 15\/1999, du 13 D\u00e9cembre, de Protection des Donn\u00e9es \u00e0 Caract\u00e8re Personnel et autres normatives en la mati\u00e8re. Les donn\u00e9es personnelles obtenues par le biais de son site web feront l\u2019objet de traitement informatique avec comme objectif la gestion de la relation avec les Usagers et l\u2019information et commercialisation des produits de la compagnie.<\/p>\n<p>Les usagers b\u00e9n\u00e9ficient d\u2019un droit d\u2019acc\u00e8s, d\u2019annulation, de rectification et d\u2019opposition au traitement, utilisation et cession des donn\u00e9es personnelles les concernant. Si vous souhaitez exercer ce droit, veuillez vous adresser par \u00e9crit \u00e0\u00a0<span class=\"titulo2\">LIKALE CAUCHO INDUSTRIAL, S.L., C\/ Oianzabaleta , 4 &#8211; 20305 Irun (Gipuzkoa) Espagne<\/span>\u00a0ou par courrier \u00e9lectronique :\u00a0<span class=\"titulo2\">info@likale.com<\/span>, en y joignant, dans tous les cas, une copie de votre Carte d\u2019Identit\u00e9.<\/p>\n<p><span class=\"titulo2\">LIKALE CAUCHO INDUSTRIAL, S.L.<\/span>, s\u2019engage \u00e0 ne transmettre, en aucun cas, \u00e0 des tiers les donn\u00e9es personnelles des usagers obtenues par le biais du pr\u00e9sent site web, sans le consentement express de l\u2019USAGER et \u00e0 assurer dans tous les cas la confidentialit\u00e9 des donn\u00e9es personnelles des usagers lors du traitement automatis\u00e9 de celles-ci.<\/p>\n<p><span class=\"titulo2\">LIKALE CAUCHO INDUSTRIAL, S.L.<\/span>\u00a0se r\u00e9serve le droit de modifier les pr\u00e9sentes CONDITIONS de confidentialit\u00e9, afin de les adapter aux exigences l\u00e9gislatives et normatives, ainsi qu\u2019aux pratiques de l\u2019industrie, en veillant en tout moment \u00e0 respecter les int\u00e9r\u00eats l\u00e9gitimes du consommateur ou de l\u2019usager.<\/p>\n","protected":false},"excerpt":{"rendered":"<p>POLITIQUE DE CONFIDENTIALIT\u00c9 DE LIKALE CAUCHO INDUSTRIAL SL Les donn\u00e9es personnelles fournies par l\u2019USAGER sont confidentielles et sont prot\u00e9g\u00e9es par la Loi Organique 15\/1999, du 13 D\u00e9cembre 1999, relative \u00e0 la Protection des Donn\u00e9es \u00e0 Caract\u00e8re Personnel, le D\u00e9cret Royal 994\/1999, du 11 Juin, d\u2019adoption du R\u00e8glement des mesures de s\u00e9curit\u00e9 des fichiers automatis\u00e9s contenant&hellip;<\/p>\n","protected":false},"author":1,"featured_media":0,"parent":0,"menu_order":0,"comment_status":"closed","ping_status":"closed","template":"","meta":[],"_links":{"self":[{"href":"https:\/\/likale.com\/fr\/wp-json\/wp\/v2\/pages\/3252"}],"collection":[{"href":"https:\/\/likale.com\/fr\/wp-json\/wp\/v2\/pages"}],"about":[{"href":"https:\/\/likale.com\/fr\/wp-json\/wp\/v2\/types\/page"}],"author":[{"embeddable":true,"href":"https:\/\/likale.com\/fr\/wp-json\/wp\/v2\/users\/1"}],"replies":[{"embeddable":true,"href":"https:\/\/likale.com\/fr\/wp-json\/wp\/v2\/comments?post=3252"}],"version-history":[{"count":1,"href":"https:\/\/likale.com\/fr\/wp-json\/wp\/v2\/pages\/3252\/revisions"}],"predecessor-version":[{"id":3253,"href":"https:\/\/likale.com\/fr\/wp-json\/wp\/v2\/pages\/3252\/revisions\/3253"}],"wp:attachment":[{"href":"https:\/\/likale.com\/fr\/wp-json\/wp\/v2\/media?parent=3252"}],"curies":[{"name":"wp","href":"https:\/\/api.w.org\/{rel}","templated":true}]}}