{"id":3271,"date":"2019-06-12T16:47:19","date_gmt":"2019-06-12T14:47:19","guid":{"rendered":"http:\/\/likale.com\/aviso-legal\/"},"modified":"2019-09-10T08:52:36","modified_gmt":"2019-09-10T06:52:36","slug":"avertissement-legal","status":"publish","type":"page","link":"https:\/\/likale.com\/fr\/avertissement-legal\/","title":{"rendered":"Avertissement L\u00e9gal"},"content":{"rendered":"<p align=\"justify\">Avant d\u2019utiliser nos services ou les pr\u00e9sentes pages, lisez attentivement cet avertissement l\u00e9gal, en sachant que si vous continuez \u00e0 utiliser nos services ou \u00e0 visiter notre site, vous accepterez implicitement les conditions de cet avertissement l\u00e9gal.<\/p>\n<p class=\"texto\"><span class=\"titulo2\">LIKALE CAUCHO INDUSTRIAL, S.L.<\/span>\u00a0ne sera en aucun cas tenu responsable de l\u2019usage inappropri\u00e9 par les usagers de l\u2019information ou des contenus du pr\u00e9sent site web. La responsabilit\u00e9 reviendra exclusivement \u00e0 la personne acc\u00e9dant au contenu du pr\u00e9sent site ou l\u2019utilisant.<\/p>\n<p class=\"texto\"><span class=\"titulo2\">LIKALE CAUCHO INDUSTRIAL, S.L<\/span>\u00a0poss\u00e8de les droits de propri\u00e9t\u00e9 intellectuelle du contenu du pr\u00e9sent site web, du design graphique et des codes correspondants. Toute reproduction, distribution, communication publique, transformation, except\u00e9 pour usage personnel et priv\u00e9, est interdite.<\/p>\n<p class=\"texto\">Toutes les marques, noms commerciaux ou tous signes distinctifs contenus dans ce site web sont prot\u00e9g\u00e9s par la Loi.<\/p>\n<p class=\"titulo2\">Le nom de domaine, http:\/\/www.likale.com, a \u00e9t\u00e9 d\u00e9pos\u00e9 par LIKALE CAUCHO INDUSTRIAL, S.L., inscrite dans le Registre de Commerce du Gipuzkoa, Volume 1502 du registre d\u2019inscriptions, Page SS-9977, Folio 162, 1\u00e8re inscription, Registre du Commerce B20520193.<\/p>\n<p class=\"titulo2\">Le domicile social de LIKALE CAOUTCHOUC INDUSTRIEL S.L. est fix\u00e9, aux fins du pr\u00e9sent Avertissement L\u00e9gal, \u00e0 C\/ Oianzabaleta, 4 &#8211; 20305 Irun (Gipuzkoa) Espagne.<\/p>\n<p class=\"titulo2\">Vous pouvez nous contacter aux num\u00e9ros de t\u00e9l\u00e9phone suivants :<\/p>\n<p class=\"titulo2\">T\u00e9l: 943 639 949<br \/>\nFax: 943 638 849<\/p>\n","protected":false},"excerpt":{"rendered":"<p>Avant d\u2019utiliser nos services ou les pr\u00e9sentes pages, lisez attentivement cet avertissement l\u00e9gal, en sachant que si vous continuez \u00e0 utiliser nos services ou \u00e0 visiter notre site, vous accepterez implicitement les conditions de cet avertissement l\u00e9gal. LIKALE CAUCHO INDUSTRIAL, S.L.\u00a0ne sera en aucun cas tenu responsable de l\u2019usage inappropri\u00e9 par les usagers de l\u2019information&hellip;<\/p>\n","protected":false},"author":1,"featured_media":0,"parent":0,"menu_order":0,"comment_status":"closed","ping_status":"closed","template":"","meta":[],"_links":{"self":[{"href":"https:\/\/likale.com\/fr\/wp-json\/wp\/v2\/pages\/3271"}],"collection":[{"href":"https:\/\/likale.com\/fr\/wp-json\/wp\/v2\/pages"}],"about":[{"href":"https:\/\/likale.com\/fr\/wp-json\/wp\/v2\/types\/page"}],"author":[{"embeddable":true,"href":"https:\/\/likale.com\/fr\/wp-json\/wp\/v2\/users\/1"}],"replies":[{"embeddable":true,"href":"https:\/\/likale.com\/fr\/wp-json\/wp\/v2\/comments?post=3271"}],"version-history":[{"count":2,"href":"https:\/\/likale.com\/fr\/wp-json\/wp\/v2\/pages\/3271\/revisions"}],"predecessor-version":[{"id":3274,"href":"https:\/\/likale.com\/fr\/wp-json\/wp\/v2\/pages\/3271\/revisions\/3274"}],"wp:attachment":[{"href":"https:\/\/likale.com\/fr\/wp-json\/wp\/v2\/media?parent=3271"}],"curies":[{"name":"wp","href":"https:\/\/api.w.org\/{rel}","templated":true}]}}